{"id":50,"date":"2024-03-25T12:05:50","date_gmt":"2024-03-25T11:05:50","guid":{"rendered":"https:\/\/lerdv-innovation.fr\/?page_id=50"},"modified":"2025-05-20T17:19:18","modified_gmt":"2025-05-20T15:19:18","slug":"contact","status":"publish","type":"page","link":"https:\/\/lerdv-innovation.fr\/index.php\/contact\/","title":{"rendered":"Contact"},"content":{"rendered":"\n<div class=\"wp-block-uagb-container uagb-block-02da8adc alignfull uagb-is-root-container\"><div class=\"uagb-container-inner-blocks-wrap\">\n<div class=\"wp-block-uagb-container uagb-block-51391698\">\n<p><\/p>\n\n\n\n<h2 class=\"wp-block-heading\"><strong>Vous avez une question \u00e0 nous poser ? Remplissez le formulaire ci-dessous et nous vous r\u00e9pondrons dans les meilleurs d\u00e9lais !<\/strong><\/h2>\n\n\n\n<p><\/p>\n<\/div>\n\n\n\n<div class=\"wp-block-uagb-container uagb-block-8e71fd65\">\n<p><strong>Neoloji Technopole<br><\/strong>24 boulevard du Grand Cerf<br>86000 Poitiers<br>mail : contact@neoloji.fr<br>t\u00e9l\u00e9phone : 05 49 11 89 23<\/p>\n<\/div>\n<\/div><\/div>\n\n\n\n<div class=\"wp-block-uagb-forms uagb-forms__outer-wrap uagb-block-5ccbc16e uagb-forms__medium-btn\"><form class=\"uagb-forms-main-form\" method=\"post\" autocomplete=\"on\" name=\"uagb-form-5ccbc16e\">\n<div class=\"wp-block-uagb-forms-name uagb-forms-name-wrap uagb-forms-field-set uagb-block-8eea475d\"><div class=\"uagb-forms-name-label required uagb-forms-input-label\" id=\"8eea475d\">Pr\u00e9nom<\/div><input type=\"text\" placeholder=\"John\" required class=\"uagb-forms-name-input uagb-forms-input\" name=\"8eea475d\" autocomplete=\"given-name\"\/><\/div>\n\n\n\n<div class=\"wp-block-uagb-forms-name uagb-forms-name-wrap uagb-forms-field-set uagb-block-d30acf19\"><div class=\"uagb-forms-name-label required uagb-forms-input-label\" id=\"d30acf19\">Nom de Famille<\/div><input type=\"text\" placeholder=\"Doe\" required class=\"uagb-forms-name-input uagb-forms-input\" name=\"d30acf19\" autocomplete=\"family-name\"\/><\/div>\n\n\n\n<div class=\"wp-block-uagb-forms-email uagb-forms-email-wrap uagb-forms-field-set uagb-block-0d450955\"><div class=\"uagb-forms-email-label  uagb-forms-input-label\" id=\"0d450955\">Email<\/div><input type=\"email\" class=\"uagb-forms-email-input uagb-forms-input\" placeholder=\"example@mail.com\" name=\"0d450955\" autocomplete=\"email\"\/><\/div>\n\n\n\n<div class=\"wp-block-uagb-forms-textarea uagb-forms-textarea-wrap uagb-forms-field-set uagb-block-363f215e\"><div class=\"uagb-forms-textarea-label required uagb-forms-input-label\" id=\"363f215e\">Message<\/div><textarea required class=\"uagb-forms-textarea-input uagb-forms-input\" rows=\"4\" placeholder=\"Enter your message\" name=\"363f215e\" autocomplete=\"off\"><\/textarea><\/div>\n<div class=\"uagb-forms-form-hidden-data\"><input type=\"hidden\" id=\"g-recaptcha-response\" class=\"uagb-forms-recaptcha\"\/><input type=\"hidden\" class=\"uagb_forms_form_label\" value=\"Spectra Form\"\/><input type=\"hidden\" class=\"uagb_forms_form_id\" value=\"uagb-form-5ccbc16e\"\/><\/div><div class=\"g-recaptcha uagb-forms-field-set\" data-sitekey=\"\"><\/div><div class=\"uagb-form-reacaptcha-error-5ccbc16e\"><\/div><div class=\"uagb-forms-main-submit-button-wrap wp-block-button\"><button class=\"uagb-forms-main-submit-button wp-block-button__link\"><div class=\"uagb-forms-main-submit-button-text\">Envoyer<\/div><\/button><\/div><\/form><div class=\"uagb-forms-success-message-5ccbc16e uagb-forms-submit-message-hide\"><span>The form has been submitted successfully!<\/span><\/div><div class=\"uagb-forms-failed-message-5ccbc16e uagb-forms-submit-message-hide\"><span>There has been some error while submitting the form. Please verify all form fields again.<\/span><\/div><\/div>\n","protected":false},"excerpt":{"rendered":"<p>Vous avez une question \u00e0 nous poser ? Remplissez le formulaire ci-dessous et nous vous r\u00e9pondrons dans les meilleurs d\u00e9lais [&hellip;]<\/p>\n","protected":false},"author":1,"featured_media":0,"parent":0,"menu_order":0,"comment_status":"closed","ping_status":"closed","template":"","meta":{"_uag_custom_page_level_css":"","site-sidebar-layout":"default","site-content-layout":"","ast-site-content-layout":"","site-content-style":"default","site-sidebar-style":"default","ast-global-header-display":"","ast-banner-title-visibility":"","ast-main-header-display":"","ast-hfb-above-header-display":"","ast-hfb-below-header-display":"","ast-hfb-mobile-header-display":"","site-post-title":"","ast-breadcrumbs-content":"","ast-featured-img":"","footer-sml-layout":"","theme-transparent-header-meta":"","adv-header-id-meta":"","stick-header-meta":"","header-above-stick-meta":"","header-main-stick-meta":"","header-below-stick-meta":"","astra-migrate-meta-layouts":"default","ast-page-background-enabled":"default","ast-page-background-meta":{"desktop":{"background-color":"var(--ast-global-color-4)","background-image":"","background-repeat":"repeat","background-position":"center center","background-size":"auto","background-attachment":"scroll","background-type":"","background-media":"","overlay-type":"","overlay-color":"","overlay-opacity":"","overlay-gradient":""},"tablet":{"background-color":"","background-image":"","background-repeat":"repeat","background-position":"center center","background-size":"auto","background-attachment":"scroll","background-type":"","background-media":"","overlay-type":"","overlay-color":"","overlay-opacity":"","overlay-gradient":""},"mobile":{"background-color":"","background-image":"","background-repeat":"repeat","background-position":"center center","background-size":"auto","background-attachment":"scroll","background-type":"","background-media":"","overlay-type":"","overlay-color":"","overlay-opacity":"","overlay-gradient":""}},"ast-content-background-meta":{"desktop":{"background-color":"var(--ast-global-color-5)","background-image":"","background-repeat":"repeat","background-position":"center center","background-size":"auto","background-attachment":"scroll","background-type":"","background-media":"","overlay-type":"","overlay-color":"","overlay-opacity":"","overlay-gradient":""},"tablet":{"background-color":"var(--ast-global-color-5)","background-image":"","background-repeat":"repeat","background-position":"center center","background-size":"auto","background-attachment":"scroll","background-type":"","background-media":"","overlay-type":"","overlay-color":"","overlay-opacity":"","overlay-gradient":""},"mobile":{"background-color":"var(--ast-global-color-5)","background-image":"","background-repeat":"repeat","background-position":"center center","background-size":"auto","background-attachment":"scroll","background-type":"","background-media":"","overlay-type":"","overlay-color":"","overlay-opacity":"","overlay-gradient":""}},"footnotes":""},"class_list":["post-50","page","type-page","status-publish","hentry"],"yoast_head":"<!-- This site is optimized with the Yoast SEO plugin v25.1 - https:\/\/yoast.com\/wordpress\/plugins\/seo\/ -->\n<title>Contact - Le Rendez-Vous de l&#039;Innovation<\/title>\n<meta name=\"robots\" content=\"index, follow, max-snippet:-1, max-image-preview:large, max-video-preview:-1\" \/>\n<link rel=\"canonical\" href=\"https:\/\/lerdv-innovation.fr\/index.php\/contact\/\" \/>\n<meta property=\"og:locale\" content=\"en_US\" \/>\n<meta property=\"og:type\" content=\"article\" \/>\n<meta property=\"og:title\" content=\"Contact - Le Rendez-Vous de l&#039;Innovation\" \/>\n<meta property=\"og:description\" content=\"Vous avez une question \u00e0 nous poser ? Remplissez le formulaire ci-dessous et nous vous r\u00e9pondrons dans les meilleurs d\u00e9lais [&hellip;]\" \/>\n<meta property=\"og:url\" content=\"https:\/\/lerdv-innovation.fr\/index.php\/contact\/\" \/>\n<meta property=\"og:site_name\" content=\"Le Rendez-Vous de l&#039;Innovation\" \/>\n<meta property=\"article:modified_time\" content=\"2025-05-20T15:19:18+00:00\" \/>\n<meta name=\"twitter:card\" content=\"summary_large_image\" \/>\n<meta name=\"twitter:label1\" content=\"Est. reading time\" \/>\n\t<meta name=\"twitter:data1\" content=\"1 minute\" \/>\n<script type=\"application\/ld+json\" class=\"yoast-schema-graph\">{\"@context\":\"https:\/\/schema.org\",\"@graph\":[{\"@type\":\"WebPage\",\"@id\":\"https:\/\/lerdv-innovation.fr\/index.php\/contact\/\",\"url\":\"https:\/\/lerdv-innovation.fr\/index.php\/contact\/\",\"name\":\"Contact - Le Rendez-Vous de l&#039;Innovation\",\"isPartOf\":{\"@id\":\"https:\/\/lerdv-innovation.fr\/#website\"},\"datePublished\":\"2024-03-25T11:05:50+00:00\",\"dateModified\":\"2025-05-20T15:19:18+00:00\",\"breadcrumb\":{\"@id\":\"https:\/\/lerdv-innovation.fr\/index.php\/contact\/#breadcrumb\"},\"inLanguage\":\"en-US\",\"potentialAction\":[{\"@type\":\"ReadAction\",\"target\":[\"https:\/\/lerdv-innovation.fr\/index.php\/contact\/\"]}]},{\"@type\":\"BreadcrumbList\",\"@id\":\"https:\/\/lerdv-innovation.fr\/index.php\/contact\/#breadcrumb\",\"itemListElement\":[{\"@type\":\"ListItem\",\"position\":1,\"name\":\"Accueil\",\"item\":\"https:\/\/lerdv-innovation.fr\/\"},{\"@type\":\"ListItem\",\"position\":2,\"name\":\"Contact\"}]},{\"@type\":\"WebSite\",\"@id\":\"https:\/\/lerdv-innovation.fr\/#website\",\"url\":\"https:\/\/lerdv-innovation.fr\/\",\"name\":\"Le Rendez-Vous de l&#039;Innovation\",\"description\":\"\",\"publisher\":{\"@id\":\"https:\/\/lerdv-innovation.fr\/#organization\"},\"potentialAction\":[{\"@type\":\"SearchAction\",\"target\":{\"@type\":\"EntryPoint\",\"urlTemplate\":\"https:\/\/lerdv-innovation.fr\/?s={search_term_string}\"},\"query-input\":{\"@type\":\"PropertyValueSpecification\",\"valueRequired\":true,\"valueName\":\"search_term_string\"}}],\"inLanguage\":\"en-US\"},{\"@type\":\"Organization\",\"@id\":\"https:\/\/lerdv-innovation.fr\/#organization\",\"name\":\"Le Rendez-Vous de l&#039;Innovation\",\"url\":\"https:\/\/lerdv-innovation.fr\/\",\"logo\":{\"@type\":\"ImageObject\",\"inLanguage\":\"en-US\",\"@id\":\"https:\/\/lerdv-innovation.fr\/#\/schema\/logo\/image\/\",\"url\":\"https:\/\/lerdv-innovation.fr\/wp-content\/uploads\/2025\/05\/cropped-Cameleon-rose@4x-scaled-1.png\",\"contentUrl\":\"https:\/\/lerdv-innovation.fr\/wp-content\/uploads\/2025\/05\/cropped-Cameleon-rose@4x-scaled-1.png\",\"width\":1475,\"height\":1568,\"caption\":\"Le Rendez-Vous de l&#039;Innovation\"},\"image\":{\"@id\":\"https:\/\/lerdv-innovation.fr\/#\/schema\/logo\/image\/\"}}]}<\/script>\n<!-- \/ Yoast SEO plugin. -->","yoast_head_json":{"title":"Contact - Le Rendez-Vous de l&#039;Innovation","robots":{"index":"index","follow":"follow","max-snippet":"max-snippet:-1","max-image-preview":"max-image-preview:large","max-video-preview":"max-video-preview:-1"},"canonical":"https:\/\/lerdv-innovation.fr\/index.php\/contact\/","og_locale":"en_US","og_type":"article","og_title":"Contact - Le Rendez-Vous de l&#039;Innovation","og_description":"Vous avez une question \u00e0 nous poser ? Remplissez le formulaire ci-dessous et nous vous r\u00e9pondrons dans les meilleurs d\u00e9lais [&hellip;]","og_url":"https:\/\/lerdv-innovation.fr\/index.php\/contact\/","og_site_name":"Le Rendez-Vous de l&#039;Innovation","article_modified_time":"2025-05-20T15:19:18+00:00","twitter_card":"summary_large_image","twitter_misc":{"Est. reading time":"1 minute"},"schema":{"@context":"https:\/\/schema.org","@graph":[{"@type":"WebPage","@id":"https:\/\/lerdv-innovation.fr\/index.php\/contact\/","url":"https:\/\/lerdv-innovation.fr\/index.php\/contact\/","name":"Contact - Le Rendez-Vous de l&#039;Innovation","isPartOf":{"@id":"https:\/\/lerdv-innovation.fr\/#website"},"datePublished":"2024-03-25T11:05:50+00:00","dateModified":"2025-05-20T15:19:18+00:00","breadcrumb":{"@id":"https:\/\/lerdv-innovation.fr\/index.php\/contact\/#breadcrumb"},"inLanguage":"en-US","potentialAction":[{"@type":"ReadAction","target":["https:\/\/lerdv-innovation.fr\/index.php\/contact\/"]}]},{"@type":"BreadcrumbList","@id":"https:\/\/lerdv-innovation.fr\/index.php\/contact\/#breadcrumb","itemListElement":[{"@type":"ListItem","position":1,"name":"Accueil","item":"https:\/\/lerdv-innovation.fr\/"},{"@type":"ListItem","position":2,"name":"Contact"}]},{"@type":"WebSite","@id":"https:\/\/lerdv-innovation.fr\/#website","url":"https:\/\/lerdv-innovation.fr\/","name":"Le Rendez-Vous de l&#039;Innovation","description":"","publisher":{"@id":"https:\/\/lerdv-innovation.fr\/#organization"},"potentialAction":[{"@type":"SearchAction","target":{"@type":"EntryPoint","urlTemplate":"https:\/\/lerdv-innovation.fr\/?s={search_term_string}"},"query-input":{"@type":"PropertyValueSpecification","valueRequired":true,"valueName":"search_term_string"}}],"inLanguage":"en-US"},{"@type":"Organization","@id":"https:\/\/lerdv-innovation.fr\/#organization","name":"Le Rendez-Vous de l&#039;Innovation","url":"https:\/\/lerdv-innovation.fr\/","logo":{"@type":"ImageObject","inLanguage":"en-US","@id":"https:\/\/lerdv-innovation.fr\/#\/schema\/logo\/image\/","url":"https:\/\/lerdv-innovation.fr\/wp-content\/uploads\/2025\/05\/cropped-Cameleon-rose@4x-scaled-1.png","contentUrl":"https:\/\/lerdv-innovation.fr\/wp-content\/uploads\/2025\/05\/cropped-Cameleon-rose@4x-scaled-1.png","width":1475,"height":1568,"caption":"Le Rendez-Vous de l&#039;Innovation"},"image":{"@id":"https:\/\/lerdv-innovation.fr\/#\/schema\/logo\/image\/"}}]}},"uagb_featured_image_src":{"full":false,"thumbnail":false,"medium":false,"medium_large":false,"large":false,"1536x1536":false,"2048x2048":false},"uagb_author_info":{"display_name":"admin4896","author_link":"https:\/\/lerdv-innovation.fr\/index.php\/author\/admin4896\/"},"uagb_comment_info":0,"uagb_excerpt":"Vous avez une question \u00e0 nous poser ? Remplissez le formulaire ci-dessous et nous vous r\u00e9pondrons dans les meilleurs d\u00e9lais [&hellip;]","_links":{"self":[{"href":"https:\/\/lerdv-innovation.fr\/index.php\/wp-json\/wp\/v2\/pages\/50","targetHints":{"allow":["GET"]}}],"collection":[{"href":"https:\/\/lerdv-innovation.fr\/index.php\/wp-json\/wp\/v2\/pages"}],"about":[{"href":"https:\/\/lerdv-innovation.fr\/index.php\/wp-json\/wp\/v2\/types\/page"}],"author":[{"embeddable":true,"href":"https:\/\/lerdv-innovation.fr\/index.php\/wp-json\/wp\/v2\/users\/1"}],"replies":[{"embeddable":true,"href":"https:\/\/lerdv-innovation.fr\/index.php\/wp-json\/wp\/v2\/comments?post=50"}],"version-history":[{"count":16,"href":"https:\/\/lerdv-innovation.fr\/index.php\/wp-json\/wp\/v2\/pages\/50\/revisions"}],"predecessor-version":[{"id":924,"href":"https:\/\/lerdv-innovation.fr\/index.php\/wp-json\/wp\/v2\/pages\/50\/revisions\/924"}],"wp:attachment":[{"href":"https:\/\/lerdv-innovation.fr\/index.php\/wp-json\/wp\/v2\/media?parent=50"}],"curies":[{"name":"wp","href":"https:\/\/api.w.org\/{rel}","templated":true}]}}