{"id":16,"date":"2024-03-25T10:53:29","date_gmt":"2024-03-25T09:53:29","guid":{"rendered":"https:\/\/lerdv-innovation.fr\/?page_id=16"},"modified":"2025-05-20T17:15:32","modified_gmt":"2025-05-20T15:15:32","slug":"sponsors","status":"publish","type":"page","link":"https:\/\/lerdv-innovation.fr\/index.php\/sponsors\/","title":{"rendered":"Sponsors"},"content":{"rendered":"\n<p>Nous tenons \u00e0 remercier tous les sponsors qui ont contribu\u00e9 \u00e0 la r\u00e9alisation de ce projet !<br><strong>Neoloji Technopole est financ\u00e9e par :<\/strong> <\/p>\n\n\n\n<figure class=\"wp-block-gallery has-nested-images columns-default is-cropped wp-block-gallery-1 is-layout-flex wp-block-gallery-is-layout-flex\">\n<figure class=\"wp-block-image size-large\"><img fetchpriority=\"high\" decoding=\"async\" width=\"1024\" height=\"182\" data-id=\"751\" src=\"http:\/\/lerdv-innovation.fr\/wp-content\/uploads\/2025\/05\/2025_Bandeau-Financeurs-1024x182.jpg\" alt=\"\" class=\"wp-image-751\" srcset=\"https:\/\/lerdv-innovation.fr\/wp-content\/uploads\/2025\/05\/2025_Bandeau-Financeurs-1024x182.jpg 1024w, https:\/\/lerdv-innovation.fr\/wp-content\/uploads\/2025\/05\/2025_Bandeau-Financeurs-300x53.jpg 300w, https:\/\/lerdv-innovation.fr\/wp-content\/uploads\/2025\/05\/2025_Bandeau-Financeurs-768x136.jpg 768w, https:\/\/lerdv-innovation.fr\/wp-content\/uploads\/2025\/05\/2025_Bandeau-Financeurs-1536x273.jpg 1536w, https:\/\/lerdv-innovation.fr\/wp-content\/uploads\/2025\/05\/2025_Bandeau-Financeurs-2048x364.jpg 2048w\" sizes=\"(max-width: 1024px) 100vw, 1024px\" \/><\/figure>\n<\/figure>\n\n\n\n<p><\/p>\n\n\n\n<p><em><strong><a href=\"https:\/\/www.grandpoitiers.fr\/\" data-type=\"link\" data-id=\"https:\/\/www.grandpoitiers.fr\/\">Grand Poitiers<\/a><\/strong><\/em><\/p>\n\n\n\n<p>Entreprendre \u00e0 Grand Poitiers, c&#8217;est \u00eatre ouvert, solidaire, cr\u00e9atif, innovant, c&#8217;est partager les savoirs et les ressources, c&#8217;est se sentir accompagn\u00e9 et encourag\u00e9, c&#8217;est faire partie des nombreux succ\u00e8s qui font rayonner Grand Poitiers.<\/p>\n\n\n\n<p>Nous avons \u00e0 c\u0153ur de vous accompagner notamment pour vous :<\/p>\n\n\n\n<ul class=\"wp-block-list\">\n<li>Aider \u00e0 l&#8217;implantation de votre entreprise : trouver des locaux commerciaux, bureaux, terrains \u00e0 construire ;<\/li>\n\n\n\n<li>Acc\u00e9l\u00e9rer votre activit\u00e9 : offres d&#8217;incubation, mise en r\u00e9seaux, partenariats, accompagnement pour l&#8217;embauche et la formation ;<\/li>\n\n\n\n<li>Acc\u00e9der aux aides financi\u00e8res, subventions, fonds propres.<\/li>\n<\/ul>\n\n\n\n<p><\/p>\n\n\n\n<p><strong><em><a href=\"https:\/\/www.nouvelle-aquitaine.fr\/\" data-type=\"link\" data-id=\"https:\/\/www.nouvelle-aquitaine.fr\/\">R\u00e9gion Nouvelle-Aquitaine<\/a><\/em><\/strong><\/p>\n\n\n\n<p>Depuis de nombreuses ann\u00e9es, les actions de la R\u00e9gion en faveur de la cr\u00e9ation et de la croissance d&#8217;entreprises ou de \u00ab jeunes pousses \u00bb innovantes s&#8217;inscrivent en coh\u00e9rence avec les orientations strat\u00e9giques du sch\u00e9ma r\u00e9gional de d\u00e9veloppement \u00e9conomique, d&#8217;innovation et d&#8217;internationalisation (SRDEII). Le Service Start-Up est un service transversal au sein de la Direction Innovation Fili\u00e8res Attractivit\u00e9 du P\u00f4le D\u00e9veloppement Economique et Environnemental et se mobilise pour impulser, accompagner et coordonner les initiatives en lien avec la cr\u00e9ation d&#8217;entreprises innovantes, au service des grandes transitions d&#8217;avenir : \u00e9cologiques, climatiques, environnementales, technologiques et soci\u00e9tales.<\/p>\n\n\n\n<p><a href=\"https:\/\/www.europe-en-france.gouv.fr\/fr\/fonds-europeens\/fonds-europeen-de-developpement-regional-FEDER\">https:\/\/www.europe-en-france.gouv.fr\/fr\/fonds-europeens\/fonds-europeen-de-developpement-regional-FEDER<\/a><\/p>\n\n\n\n<p><a href=\"https:\/\/www.enseignementsup-recherche.gouv.fr\/fr\">https:\/\/www.enseignementsup-recherche.gouv.fr\/fr<\/a><\/p>\n\n\n\n<p><\/p>\n\n\n\n<p><strong><em><a href=\"https:\/\/www.univ-poitiers.fr\/\" data-type=\"link\" data-id=\"https:\/\/www.univ-poitiers.fr\/\">Universit\u00e9 de Poitiers<\/a><\/em><\/strong><\/p>\n\n\n\n<p>\u00ab L\u2019Universit\u00e9 de Poitiers adopte et d\u00e9ploie un dispositif original et ambitieux de soutien \u00e0 la cr\u00e9ation d\u2019entreprises issues de la recherche \u00bb <\/p>\n\n\n\n<p>Le service P\u00e9pite* de l\u2019universit\u00e9 de Poitiers&nbsp;a pour objectif de sensibiliser et de former les \u00e9tudiant\u00b7e\u00b7s \u00e0 la culture entrepreneuriale et de les accompagner dans leurs d\u00e9marches de cr\u00e9ation, de d\u00e9veloppement de projet, qu\u2019il soit professionnel, associatif, \u00e9v\u00e9nementiel\u2026<\/p>\n\n\n\n<p>*P\u00e9pite (P\u00f4le Etudiant Pour l\u2019Innovation, le Transfert et l\u2019Entrepreneuriat)&nbsp;est un label national attribu\u00e9 par le Minist\u00e8re de l\u2019enseignement sup\u00e9rieur et de la recherche.<\/p>\n\n\n\n<p><a href=\"https:\/\/www.univ-poitiers.fr\/accompagner-les-entreprises\/innover\/creation-dentreprises-startup\/#joxEJQP0ZH1JGXHPkJHj\">https:\/\/www.univ-poitiers.fr\/accompagner-les-entreprises\/innover\/creation-dentreprises-startup\/#joxEJQP0ZH1JGXHPkJHj<\/a><\/p>\n\n\n\n<p><em><strong><a href=\"https:\/\/www.avocats-poitiers.com\/\">L&#8217;ordre des Avocats<\/a><\/strong><\/em><\/p>\n\n\n\n<div class=\"wp-block-uagb-container uagb-block-2a0d86c3 alignfull uagb-is-root-container\"><div class=\"uagb-container-inner-blocks-wrap\">\n<div class=\"wp-block-uagb-container uagb-block-8189b52d\">\n<figure class=\"wp-block-image alignright size-full is-resized\"><img decoding=\"async\" width=\"300\" height=\"300\" src=\"http:\/\/lerdv-innovation.fr\/wp-content\/uploads\/2024\/05\/ORDRE-DES-AVOCATS-DE-POITIERS.png\" alt=\"Logo de l'ordre des avocats de Poitiers\" class=\"wp-image-714\" style=\"width:207px;height:auto\" srcset=\"https:\/\/lerdv-innovation.fr\/wp-content\/uploads\/2024\/05\/ORDRE-DES-AVOCATS-DE-POITIERS.png 300w, https:\/\/lerdv-innovation.fr\/wp-content\/uploads\/2024\/05\/ORDRE-DES-AVOCATS-DE-POITIERS-150x150.png 150w\" sizes=\"(max-width: 300px) 100vw, 300px\" \/><\/figure>\n<\/div>\n\n\n\n<div class=\"wp-block-uagb-container uagb-block-14eeaedf\">\n<p>Neoloji Technopole, lance un incubateur Legal Tech en partenariat avec l\u2019Ordre des Avocats de Poitiers. Cet incubateur a vocation \u00e0 soutenir le d\u00e9veloppement et la croissance de startups sp\u00e9cialis\u00e9es dans le domaine de la LegalTech, contraction de \u00ab\u00a0legal\u00a0\u00bb (juridique) et \u00ab\u00a0technology\u00a0\u00bb (technologie), faisant r\u00e9f\u00e9rence \u00e0 l\u2019utilisation de la technologie pour am\u00e9liorer et faciliter l\u2019acc\u00e8s \u00e0 la justice, la prestation de services ou la gestion des activit\u00e9s juridiques.<\/p>\n<\/div>\n<\/div><\/div>\n\n\n\n<div class=\"wp-block-buttons is-layout-flex wp-block-buttons-is-layout-flex\">\n<div class=\"wp-block-button\"><a class=\"wp-block-button__link wp-element-button\" href=\"https:\/\/lerdv-innovation.fr\/index.php\/exposants\/\">D\u00e9couvrez les exposants de l&#8217;\u00e9v\u00e9nement<\/a><\/div>\n<\/div>\n\n\n\n<p><\/p>\n","protected":false},"excerpt":{"rendered":"<p>Nous tenons \u00e0 remercier tous les sponsors qui ont contribu\u00e9 \u00e0 la r\u00e9alisation de ce projet !Neoloji Technopole est financ\u00e9e [&hellip;]<\/p>\n","protected":false},"author":1,"featured_media":0,"parent":0,"menu_order":0,"comment_status":"closed","ping_status":"closed","template":"","meta":{"_uag_custom_page_level_css":"","site-sidebar-layout":"default","site-content-layout":"","ast-site-content-layout":"","site-content-style":"default","site-sidebar-style":"default","ast-global-header-display":"","ast-banner-title-visibility":"","ast-main-header-display":"","ast-hfb-above-header-display":"","ast-hfb-below-header-display":"","ast-hfb-mobile-header-display":"","site-post-title":"","ast-breadcrumbs-content":"","ast-featured-img":"","footer-sml-layout":"","theme-transparent-header-meta":"","adv-header-id-meta":"","stick-header-meta":"","header-above-stick-meta":"","header-main-stick-meta":"","header-below-stick-meta":"","astra-migrate-meta-layouts":"default","ast-page-background-enabled":"default","ast-page-background-meta":{"desktop":{"background-color":"var(--ast-global-color-4)","background-image":"","background-repeat":"repeat","background-position":"center center","background-size":"auto","background-attachment":"scroll","background-type":"","background-media":"","overlay-type":"","overlay-color":"","overlay-opacity":"","overlay-gradient":""},"tablet":{"background-color":"","background-image":"","background-repeat":"repeat","background-position":"center center","background-size":"auto","background-attachment":"scroll","background-type":"","background-media":"","overlay-type":"","overlay-color":"","overlay-opacity":"","overlay-gradient":""},"mobile":{"background-color":"","background-image":"","background-repeat":"repeat","background-position":"center center","background-size":"auto","background-attachment":"scroll","background-type":"","background-media":"","overlay-type":"","overlay-color":"","overlay-opacity":"","overlay-gradient":""}},"ast-content-background-meta":{"desktop":{"background-color":"var(--ast-global-color-5)","background-image":"","background-repeat":"repeat","background-position":"center center","background-size":"auto","background-attachment":"scroll","background-type":"","background-media":"","overlay-type":"","overlay-color":"","overlay-opacity":"","overlay-gradient":""},"tablet":{"background-color":"var(--ast-global-color-5)","background-image":"","background-repeat":"repeat","background-position":"center center","background-size":"auto","background-attachment":"scroll","background-type":"","background-media":"","overlay-type":"","overlay-color":"","overlay-opacity":"","overlay-gradient":""},"mobile":{"background-color":"var(--ast-global-color-5)","background-image":"","background-repeat":"repeat","background-position":"center center","background-size":"auto","background-attachment":"scroll","background-type":"","background-media":"","overlay-type":"","overlay-color":"","overlay-opacity":"","overlay-gradient":""}},"footnotes":""},"class_list":["post-16","page","type-page","status-publish","hentry"],"yoast_head":"<!-- This site is optimized with the Yoast SEO plugin v25.1 - https:\/\/yoast.com\/wordpress\/plugins\/seo\/ -->\n<title>Sponsors - Le Rendez-Vous de l&#039;Innovation<\/title>\n<meta name=\"robots\" content=\"index, follow, max-snippet:-1, max-image-preview:large, max-video-preview:-1\" \/>\n<link rel=\"canonical\" href=\"https:\/\/lerdv-innovation.fr\/index.php\/sponsors\/\" \/>\n<meta property=\"og:locale\" content=\"en_US\" \/>\n<meta property=\"og:type\" content=\"article\" \/>\n<meta property=\"og:title\" content=\"Sponsors - Le Rendez-Vous de l&#039;Innovation\" \/>\n<meta property=\"og:description\" content=\"Nous tenons \u00e0 remercier tous les sponsors qui ont contribu\u00e9 \u00e0 la r\u00e9alisation de ce projet !Neoloji Technopole est financ\u00e9e [&hellip;]\" \/>\n<meta property=\"og:url\" content=\"https:\/\/lerdv-innovation.fr\/index.php\/sponsors\/\" \/>\n<meta property=\"og:site_name\" content=\"Le Rendez-Vous de l&#039;Innovation\" \/>\n<meta property=\"article:modified_time\" content=\"2025-05-20T15:15:32+00:00\" \/>\n<meta property=\"og:image\" content=\"https:\/\/lerdv-innovation.fr\/wp-content\/uploads\/2025\/05\/2025_Bandeau-Financeurs-scaled.jpg\" \/>\n\t<meta property=\"og:image:width\" content=\"2560\" \/>\n\t<meta property=\"og:image:height\" content=\"455\" \/>\n\t<meta property=\"og:image:type\" content=\"image\/jpeg\" \/>\n<meta name=\"twitter:card\" content=\"summary_large_image\" \/>\n<meta name=\"twitter:label1\" content=\"Est. reading time\" \/>\n\t<meta name=\"twitter:data1\" content=\"3 minutes\" \/>\n<script type=\"application\/ld+json\" class=\"yoast-schema-graph\">{\"@context\":\"https:\/\/schema.org\",\"@graph\":[{\"@type\":\"WebPage\",\"@id\":\"https:\/\/lerdv-innovation.fr\/index.php\/sponsors\/\",\"url\":\"https:\/\/lerdv-innovation.fr\/index.php\/sponsors\/\",\"name\":\"Sponsors - Le Rendez-Vous de l&#039;Innovation\",\"isPartOf\":{\"@id\":\"https:\/\/lerdv-innovation.fr\/#website\"},\"primaryImageOfPage\":{\"@id\":\"https:\/\/lerdv-innovation.fr\/index.php\/sponsors\/#primaryimage\"},\"image\":{\"@id\":\"https:\/\/lerdv-innovation.fr\/index.php\/sponsors\/#primaryimage\"},\"thumbnailUrl\":\"http:\/\/lerdv-innovation.fr\/wp-content\/uploads\/2025\/05\/2025_Bandeau-Financeurs-1024x182.jpg\",\"datePublished\":\"2024-03-25T09:53:29+00:00\",\"dateModified\":\"2025-05-20T15:15:32+00:00\",\"breadcrumb\":{\"@id\":\"https:\/\/lerdv-innovation.fr\/index.php\/sponsors\/#breadcrumb\"},\"inLanguage\":\"en-US\",\"potentialAction\":[{\"@type\":\"ReadAction\",\"target\":[\"https:\/\/lerdv-innovation.fr\/index.php\/sponsors\/\"]}]},{\"@type\":\"ImageObject\",\"inLanguage\":\"en-US\",\"@id\":\"https:\/\/lerdv-innovation.fr\/index.php\/sponsors\/#primaryimage\",\"url\":\"https:\/\/lerdv-innovation.fr\/wp-content\/uploads\/2025\/05\/2025_Bandeau-Financeurs-scaled.jpg\",\"contentUrl\":\"https:\/\/lerdv-innovation.fr\/wp-content\/uploads\/2025\/05\/2025_Bandeau-Financeurs-scaled.jpg\",\"width\":2560,\"height\":455},{\"@type\":\"BreadcrumbList\",\"@id\":\"https:\/\/lerdv-innovation.fr\/index.php\/sponsors\/#breadcrumb\",\"itemListElement\":[{\"@type\":\"ListItem\",\"position\":1,\"name\":\"Accueil\",\"item\":\"https:\/\/lerdv-innovation.fr\/\"},{\"@type\":\"ListItem\",\"position\":2,\"name\":\"Sponsors\"}]},{\"@type\":\"WebSite\",\"@id\":\"https:\/\/lerdv-innovation.fr\/#website\",\"url\":\"https:\/\/lerdv-innovation.fr\/\",\"name\":\"Le Rendez-Vous de l&#039;Innovation\",\"description\":\"\",\"publisher\":{\"@id\":\"https:\/\/lerdv-innovation.fr\/#organization\"},\"potentialAction\":[{\"@type\":\"SearchAction\",\"target\":{\"@type\":\"EntryPoint\",\"urlTemplate\":\"https:\/\/lerdv-innovation.fr\/?s={search_term_string}\"},\"query-input\":{\"@type\":\"PropertyValueSpecification\",\"valueRequired\":true,\"valueName\":\"search_term_string\"}}],\"inLanguage\":\"en-US\"},{\"@type\":\"Organization\",\"@id\":\"https:\/\/lerdv-innovation.fr\/#organization\",\"name\":\"Le Rendez-Vous de l&#039;Innovation\",\"url\":\"https:\/\/lerdv-innovation.fr\/\",\"logo\":{\"@type\":\"ImageObject\",\"inLanguage\":\"en-US\",\"@id\":\"https:\/\/lerdv-innovation.fr\/#\/schema\/logo\/image\/\",\"url\":\"https:\/\/lerdv-innovation.fr\/wp-content\/uploads\/2025\/05\/cropped-Cameleon-rose@4x-scaled-1.png\",\"contentUrl\":\"https:\/\/lerdv-innovation.fr\/wp-content\/uploads\/2025\/05\/cropped-Cameleon-rose@4x-scaled-1.png\",\"width\":1475,\"height\":1568,\"caption\":\"Le Rendez-Vous de l&#039;Innovation\"},\"image\":{\"@id\":\"https:\/\/lerdv-innovation.fr\/#\/schema\/logo\/image\/\"}}]}<\/script>\n<!-- \/ Yoast SEO plugin. -->","yoast_head_json":{"title":"Sponsors - Le Rendez-Vous de l&#039;Innovation","robots":{"index":"index","follow":"follow","max-snippet":"max-snippet:-1","max-image-preview":"max-image-preview:large","max-video-preview":"max-video-preview:-1"},"canonical":"https:\/\/lerdv-innovation.fr\/index.php\/sponsors\/","og_locale":"en_US","og_type":"article","og_title":"Sponsors - Le Rendez-Vous de l&#039;Innovation","og_description":"Nous tenons \u00e0 remercier tous les sponsors qui ont contribu\u00e9 \u00e0 la r\u00e9alisation de ce projet !Neoloji Technopole est financ\u00e9e [&hellip;]","og_url":"https:\/\/lerdv-innovation.fr\/index.php\/sponsors\/","og_site_name":"Le Rendez-Vous de l&#039;Innovation","article_modified_time":"2025-05-20T15:15:32+00:00","og_image":[{"width":2560,"height":455,"url":"https:\/\/lerdv-innovation.fr\/wp-content\/uploads\/2025\/05\/2025_Bandeau-Financeurs-scaled.jpg","type":"image\/jpeg"}],"twitter_card":"summary_large_image","twitter_misc":{"Est. reading time":"3 minutes"},"schema":{"@context":"https:\/\/schema.org","@graph":[{"@type":"WebPage","@id":"https:\/\/lerdv-innovation.fr\/index.php\/sponsors\/","url":"https:\/\/lerdv-innovation.fr\/index.php\/sponsors\/","name":"Sponsors - Le Rendez-Vous de l&#039;Innovation","isPartOf":{"@id":"https:\/\/lerdv-innovation.fr\/#website"},"primaryImageOfPage":{"@id":"https:\/\/lerdv-innovation.fr\/index.php\/sponsors\/#primaryimage"},"image":{"@id":"https:\/\/lerdv-innovation.fr\/index.php\/sponsors\/#primaryimage"},"thumbnailUrl":"http:\/\/lerdv-innovation.fr\/wp-content\/uploads\/2025\/05\/2025_Bandeau-Financeurs-1024x182.jpg","datePublished":"2024-03-25T09:53:29+00:00","dateModified":"2025-05-20T15:15:32+00:00","breadcrumb":{"@id":"https:\/\/lerdv-innovation.fr\/index.php\/sponsors\/#breadcrumb"},"inLanguage":"en-US","potentialAction":[{"@type":"ReadAction","target":["https:\/\/lerdv-innovation.fr\/index.php\/sponsors\/"]}]},{"@type":"ImageObject","inLanguage":"en-US","@id":"https:\/\/lerdv-innovation.fr\/index.php\/sponsors\/#primaryimage","url":"https:\/\/lerdv-innovation.fr\/wp-content\/uploads\/2025\/05\/2025_Bandeau-Financeurs-scaled.jpg","contentUrl":"https:\/\/lerdv-innovation.fr\/wp-content\/uploads\/2025\/05\/2025_Bandeau-Financeurs-scaled.jpg","width":2560,"height":455},{"@type":"BreadcrumbList","@id":"https:\/\/lerdv-innovation.fr\/index.php\/sponsors\/#breadcrumb","itemListElement":[{"@type":"ListItem","position":1,"name":"Accueil","item":"https:\/\/lerdv-innovation.fr\/"},{"@type":"ListItem","position":2,"name":"Sponsors"}]},{"@type":"WebSite","@id":"https:\/\/lerdv-innovation.fr\/#website","url":"https:\/\/lerdv-innovation.fr\/","name":"Le Rendez-Vous de l&#039;Innovation","description":"","publisher":{"@id":"https:\/\/lerdv-innovation.fr\/#organization"},"potentialAction":[{"@type":"SearchAction","target":{"@type":"EntryPoint","urlTemplate":"https:\/\/lerdv-innovation.fr\/?s={search_term_string}"},"query-input":{"@type":"PropertyValueSpecification","valueRequired":true,"valueName":"search_term_string"}}],"inLanguage":"en-US"},{"@type":"Organization","@id":"https:\/\/lerdv-innovation.fr\/#organization","name":"Le Rendez-Vous de l&#039;Innovation","url":"https:\/\/lerdv-innovation.fr\/","logo":{"@type":"ImageObject","inLanguage":"en-US","@id":"https:\/\/lerdv-innovation.fr\/#\/schema\/logo\/image\/","url":"https:\/\/lerdv-innovation.fr\/wp-content\/uploads\/2025\/05\/cropped-Cameleon-rose@4x-scaled-1.png","contentUrl":"https:\/\/lerdv-innovation.fr\/wp-content\/uploads\/2025\/05\/cropped-Cameleon-rose@4x-scaled-1.png","width":1475,"height":1568,"caption":"Le Rendez-Vous de l&#039;Innovation"},"image":{"@id":"https:\/\/lerdv-innovation.fr\/#\/schema\/logo\/image\/"}}]}},"uagb_featured_image_src":{"full":false,"thumbnail":false,"medium":false,"medium_large":false,"large":false,"1536x1536":false,"2048x2048":false},"uagb_author_info":{"display_name":"admin4896","author_link":"https:\/\/lerdv-innovation.fr\/index.php\/author\/admin4896\/"},"uagb_comment_info":0,"uagb_excerpt":"Nous tenons \u00e0 remercier tous les sponsors qui ont contribu\u00e9 \u00e0 la r\u00e9alisation de ce projet !Neoloji Technopole est financ\u00e9e [&hellip;]","_links":{"self":[{"href":"https:\/\/lerdv-innovation.fr\/index.php\/wp-json\/wp\/v2\/pages\/16","targetHints":{"allow":["GET"]}}],"collection":[{"href":"https:\/\/lerdv-innovation.fr\/index.php\/wp-json\/wp\/v2\/pages"}],"about":[{"href":"https:\/\/lerdv-innovation.fr\/index.php\/wp-json\/wp\/v2\/types\/page"}],"author":[{"embeddable":true,"href":"https:\/\/lerdv-innovation.fr\/index.php\/wp-json\/wp\/v2\/users\/1"}],"replies":[{"embeddable":true,"href":"https:\/\/lerdv-innovation.fr\/index.php\/wp-json\/wp\/v2\/comments?post=16"}],"version-history":[{"count":12,"href":"https:\/\/lerdv-innovation.fr\/index.php\/wp-json\/wp\/v2\/pages\/16\/revisions"}],"predecessor-version":[{"id":920,"href":"https:\/\/lerdv-innovation.fr\/index.php\/wp-json\/wp\/v2\/pages\/16\/revisions\/920"}],"wp:attachment":[{"href":"https:\/\/lerdv-innovation.fr\/index.php\/wp-json\/wp\/v2\/media?parent=16"}],"curies":[{"name":"wp","href":"https:\/\/api.w.org\/{rel}","templated":true}]}}